{"id":1439,"date":"2021-06-23T08:57:53","date_gmt":"2021-06-23T08:57:53","guid":{"rendered":"https:\/\/antonspaargaren.com\/webshop\/"},"modified":"2021-10-29T15:06:25","modified_gmt":"2021-10-29T15:06:25","slug":"boutique-en-ligne","status":"publish","type":"page","link":"https:\/\/antonspaargaren.com\/fr\/boutique-en-ligne\/","title":{"rendered":"Boutique en ligne"},"content":{"rendered":"    \n    <section class=\"webshop-intro\">\n\n        <div class=\"webshop-intro__container wrapper wrapper--small\">\n    \n            <div class=\"webshop-intro__content-container\">\n                                    <h1 class=\"webshop-intro__title\">\n                        Boutique en ligne                    <\/h1>\n                \n                <div class=\"webshop-intro__image-container\">\n                    \n    <img decoding=\"async\"\n            class=\"webshop-intro__image\"\n            alt=\"\"\n            src=\"\"\n            srcset=\"\n\t\t\t\t\t\t 320w,\t\t\t\t\t\t 640w,\t\t\t\t\t\t 960w,\t\t\t\t\t\t\t\t\t\t\t\t\t\t\t\t\t\"\n    >\n\n                  <\/div>\n\n            <\/div>\n            \n            <div class=\"webshop-intro__login\">\n                \n                <div class=\"webshop-intro__login-form-container\">\n                    <form class=\"webshop-intro__login-form\" method=\"post\" action=\"https:\/\/webshop-flowers.nl\/Login\/External\" role=\"form\">\n                        <div class=\"webshop-intro__form-group webshop-intro__form-group--user-name\">\n                            <label class=\"sr-only\" for=\"gebruikersnaam\">\n                                Nom d&rsquo;utilisateur                            <\/label>\n                            <input type=\"text\" class=\"form-control\" name=\"Usr\" id=\"gebruikersnaam\" placeholder=\"Nom d'utilisateur\" autocomplete=\"off\">\n                        <\/div>\n                        <div class=\"webshop-intro__form-group webshop-intro__form-group--password\">\n                            <label class=\"sr-only\" for=\"%wachtwoord%\">\n                                Le mot de passe                            <\/label>\n                            <input type=\"password\" class=\"form-control\" name=\"Pwd\" id=\"%wachtwoord%\" placeholder=\"Le mot de passe\" autocomplete=\"off\">\n                        <\/div>\n\n                        <div class=\"webshop-intro__form-group webshop-intro__form-group--submit\">\n                            <input type=\"submit\" value=\"Connexion\" class=\"btn btn--primary\">\n                        <\/div>\n                    <\/form>\n                <\/div>\n            <\/div>\n\n            <div class=\"webshop-intro__leaf-container\">\n                <svg viewBox=\"0 0 352 352\" class=\"webshop-intro__leaf\">\n                    <use xlink:href=\"https:\/\/antonspaargaren.com\/wp-content\/themes\/deboprojects\/img\/leaf-solid-yellow.svg#as-leaf\"><\/use>\n                <\/svg>\n            <\/div>\n\n        <\/div>\n    <\/section>\n\n\t\n\n    \n    <section class=\"text-w-image text-w-image--grey text-w-image--right\">\n        <div class=\"text-w-image__container wrapper wrapper--small\">\n\n            <div class=\"text-w-image__content-container \">\n                                    <h2 class=\"text-w-image__title mb-s\">\n                        Demander un compte                    <\/h2>\n                \n                                    <div class=\"text-w-image__text mb-m\">\n                        <p>Vous n\u2019avez pas encore de compte? Demandez-le en ligne. Nous traiterons votre demande dans les plus brefs d\u00e9lais!<\/p>\n                    <\/div>\n                \n                                    <div class=\"text-w-image__btn-container\">\n                                                    <a \n                                href=\"https:\/\/antonspaargaren.com\/fr\/boutique-en-ligne\/formulaire-client\/\" \n                                target=\"\" \n                                class=\"btn btn--secondary-outline text-w-image__btn\">\n                                    Demander un compte                            <\/a>\n                                            <\/div>\n                            <\/div>\n\n            <div class=\"text-w-image__images-container\">\n                                    <div class=\"image-container text-w-image__image-container\">\n                        \n    <img decoding=\"async\"\n            class=\"text-w-image__image\"\n            alt=\"anton-spaargaren_worker\"\n            src=\"https:\/\/antonspaargaren.com\/wp-content\/uploads\/2021\/09\/anton-spaargaren_worker.jpg\"\n            srcset=\"\n\t\t\t\t\t\thttps:\/\/antonspaargaren.com\/wp-content\/uploads\/2021\/09\/anton-spaargaren_worker-320x240.jpg 320w,\t\t\t\t\t\thttps:\/\/antonspaargaren.com\/wp-content\/uploads\/2021\/09\/anton-spaargaren_worker-640x480.jpg 640w,\t\t\t\t\t\t\t\t\t\t\t\t\t\t\t\t\t\t\t\t\t\t\t\"\n    >\n\n                                              <\/div>\n                                \n                <div class=\"image-container text-w-image__leaf-container parallax\">\n                    <svg viewBox=\"0 0 352 352\" class=\"text-w-image__leaf\">\n                        <use xlink:href=\"https:\/\/antonspaargaren.com\/wp-content\/themes\/deboprojects\/img\/leaf-solid-yellow.svg#as-leaf\"><\/use>\n                    <\/svg>\n                <\/div>  \n            <\/div>\n\n                    <\/div>\n    <\/section>\n\n\t\n\n    \n    <div class=\"spacer spacer--m\"><\/div>\n\n\t\n\n    \n    <section class=\"content\">\n                \n                             \n\n                    <div class=\"content__container\">\n                        \n                                                    <div class=\"wrapper\">\n                                                \n                        \n                        \n                                                                                <div class=\"content__text\">\n                                                                    <h2 class=\"content__text-title mb-s\">Des fleurs fra\u00eeches de toute sorte et taille.<\/h2>\n                                                                                                <div class=\"content__text-container content__text-container--2\">\n                                    <p>Commandes individuelles et group\u00e9es. Chez Anton Spaargaren, nous proposons ce petit plus pour r\u00e9pondre pr\u00e9cis\u00e9ment \u00e0 vos attentes.<\/p>\n<p>L\u2019ensemble de l\u2019assortiment Anton Spaargaren est disponible dans la boutique en ligne. Elle est mise \u00e0 jour en continu avec les photos de produits les plus r\u00e9centes.<\/p>\n<p><strong>24\/7 en ligne<\/strong><br \/>\nCommandez rapidement et facilement parmi notre assortiment complet au moment qui vous convient le mieux.<\/p>\n<p><strong>Livraison dans le monde entier<\/strong><br \/>\nVos fleurs sont livr\u00e9es dans les meilleures conditions quel que soit le pays de destination afin de garantir la qualit\u00e9 et la fra\u00eecheur de nos produits.<\/p>\n<p><strong>Assortiment actuel<\/strong><br \/>\nToutes les informations reprises dans notre boutique en ligne sont \u00e0 jour, nous sommes transparents concernant les quantit\u00e9s et prix et nos fleurs peuvent \u00eatre command\u00e9es imm\u00e9diatement.<\/p>\n<p><strong>Commander imm\u00e9diatement<\/strong><br \/>\nVotre commande atterrit instantan\u00e9ment dans notre syst\u00e8me et vous recevez la confirmation de commande.<\/p>\n<p>\u00cates-vous pr\u00eat \u00e0 acheter nos fleurs?<\/p>\n                                <\/div>\n                                                            <\/div>\n                        \n                        \n                        \n                        \n                        \n                        \n                        \n                        \n                                                \n                                                    <\/div>\n                        \n                    <\/div>\n\n                                        \n        \n    <\/section>\n\n\t\n\n    \n    <div class=\"spacer spacer--m\"><\/div>\n\n\t","protected":false},"excerpt":{"rendered":"","protected":false},"author":1,"featured_media":0,"parent":0,"menu_order":52,"comment_status":"closed","ping_status":"closed","template":"","meta":{"_acf_changed":false,"footnotes":""},"class_list":["post-1439","page","type-page","status-publish","hentry"],"acf":[],"yoast_head":"<!-- This site is optimized with the Yoast SEO plugin v27.4 - https:\/\/yoast.com\/product\/yoast-seo-wordpress\/ -->\n<title>Boutique en ligne - Anton Spaargaren<\/title>\n<meta name=\"robots\" content=\"index, follow, max-snippet:-1, max-image-preview:large, max-video-preview:-1\" \/>\n<link rel=\"canonical\" href=\"https:\/\/antonspaargaren.com\/fr\/boutique-en-ligne\/\" \/>\n<meta property=\"og:locale\" content=\"fr_FR\" \/>\n<meta property=\"og:type\" content=\"article\" \/>\n<meta property=\"og:title\" content=\"Boutique en ligne - Anton Spaargaren\" \/>\n<meta property=\"og:url\" content=\"https:\/\/antonspaargaren.com\/fr\/boutique-en-ligne\/\" \/>\n<meta property=\"og:site_name\" content=\"Anton Spaargaren\" \/>\n<meta property=\"article:modified_time\" content=\"2021-10-29T15:06:25+00:00\" \/>\n<meta name=\"twitter:card\" content=\"summary_large_image\" \/>\n<script type=\"application\/ld+json\" class=\"yoast-schema-graph\">{\"@context\":\"https:\\\/\\\/schema.org\",\"@graph\":[{\"@type\":\"WebPage\",\"@id\":\"https:\\\/\\\/antonspaargaren.com\\\/fr\\\/boutique-en-ligne\\\/\",\"url\":\"https:\\\/\\\/antonspaargaren.com\\\/fr\\\/boutique-en-ligne\\\/\",\"name\":\"Boutique en ligne - Anton Spaargaren\",\"isPartOf\":{\"@id\":\"https:\\\/\\\/antonspaargaren.com\\\/fr\\\/#website\"},\"datePublished\":\"2021-06-23T08:57:53+00:00\",\"dateModified\":\"2021-10-29T15:06:25+00:00\",\"breadcrumb\":{\"@id\":\"https:\\\/\\\/antonspaargaren.com\\\/fr\\\/boutique-en-ligne\\\/#breadcrumb\"},\"inLanguage\":\"fr-FR\",\"potentialAction\":[{\"@type\":\"ReadAction\",\"target\":[\"https:\\\/\\\/antonspaargaren.com\\\/fr\\\/boutique-en-ligne\\\/\"]}]},{\"@type\":\"BreadcrumbList\",\"@id\":\"https:\\\/\\\/antonspaargaren.com\\\/fr\\\/boutique-en-ligne\\\/#breadcrumb\",\"itemListElement\":[{\"@type\":\"ListItem\",\"position\":1,\"name\":\"Home\",\"item\":\"https:\\\/\\\/antonspaargaren.com\\\/fr\\\/\"},{\"@type\":\"ListItem\",\"position\":2,\"name\":\"Boutique en ligne\"}]},{\"@type\":\"WebSite\",\"@id\":\"https:\\\/\\\/antonspaargaren.com\\\/fr\\\/#website\",\"url\":\"https:\\\/\\\/antonspaargaren.com\\\/fr\\\/\",\"name\":\"Anton Spaargaren\",\"description\":\"We Are Flowers\",\"publisher\":{\"@id\":\"https:\\\/\\\/antonspaargaren.com\\\/fr\\\/#organization\"},\"potentialAction\":[{\"@type\":\"SearchAction\",\"target\":{\"@type\":\"EntryPoint\",\"urlTemplate\":\"https:\\\/\\\/antonspaargaren.com\\\/fr\\\/?s={search_term_string}\"},\"query-input\":{\"@type\":\"PropertyValueSpecification\",\"valueRequired\":true,\"valueName\":\"search_term_string\"}}],\"inLanguage\":\"fr-FR\"},{\"@type\":\"Organization\",\"@id\":\"https:\\\/\\\/antonspaargaren.com\\\/fr\\\/#organization\",\"name\":\"Anton Spaargaren BV\",\"url\":\"https:\\\/\\\/antonspaargaren.com\\\/fr\\\/\",\"logo\":{\"@type\":\"ImageObject\",\"inLanguage\":\"fr-FR\",\"@id\":\"https:\\\/\\\/antonspaargaren.com\\\/fr\\\/#\\\/schema\\\/logo\\\/image\\\/\",\"url\":\"https:\\\/\\\/antonspaargaren.com\\\/wp-content\\\/uploads\\\/2021\\\/06\\\/AntonSpaargaren-logo-dark.svg\",\"contentUrl\":\"https:\\\/\\\/antonspaargaren.com\\\/wp-content\\\/uploads\\\/2021\\\/06\\\/AntonSpaargaren-logo-dark.svg\",\"width\":169,\"height\":50,\"caption\":\"Anton Spaargaren BV\"},\"image\":{\"@id\":\"https:\\\/\\\/antonspaargaren.com\\\/fr\\\/#\\\/schema\\\/logo\\\/image\\\/\"}}]}<\/script>\n<!-- \/ Yoast SEO plugin. -->","yoast_head_json":{"title":"Boutique en ligne - Anton Spaargaren","robots":{"index":"index","follow":"follow","max-snippet":"max-snippet:-1","max-image-preview":"max-image-preview:large","max-video-preview":"max-video-preview:-1"},"canonical":"https:\/\/antonspaargaren.com\/fr\/boutique-en-ligne\/","og_locale":"fr_FR","og_type":"article","og_title":"Boutique en ligne - Anton Spaargaren","og_url":"https:\/\/antonspaargaren.com\/fr\/boutique-en-ligne\/","og_site_name":"Anton Spaargaren","article_modified_time":"2021-10-29T15:06:25+00:00","twitter_card":"summary_large_image","schema":{"@context":"https:\/\/schema.org","@graph":[{"@type":"WebPage","@id":"https:\/\/antonspaargaren.com\/fr\/boutique-en-ligne\/","url":"https:\/\/antonspaargaren.com\/fr\/boutique-en-ligne\/","name":"Boutique en ligne - Anton Spaargaren","isPartOf":{"@id":"https:\/\/antonspaargaren.com\/fr\/#website"},"datePublished":"2021-06-23T08:57:53+00:00","dateModified":"2021-10-29T15:06:25+00:00","breadcrumb":{"@id":"https:\/\/antonspaargaren.com\/fr\/boutique-en-ligne\/#breadcrumb"},"inLanguage":"fr-FR","potentialAction":[{"@type":"ReadAction","target":["https:\/\/antonspaargaren.com\/fr\/boutique-en-ligne\/"]}]},{"@type":"BreadcrumbList","@id":"https:\/\/antonspaargaren.com\/fr\/boutique-en-ligne\/#breadcrumb","itemListElement":[{"@type":"ListItem","position":1,"name":"Home","item":"https:\/\/antonspaargaren.com\/fr\/"},{"@type":"ListItem","position":2,"name":"Boutique en ligne"}]},{"@type":"WebSite","@id":"https:\/\/antonspaargaren.com\/fr\/#website","url":"https:\/\/antonspaargaren.com\/fr\/","name":"Anton Spaargaren","description":"We Are Flowers","publisher":{"@id":"https:\/\/antonspaargaren.com\/fr\/#organization"},"potentialAction":[{"@type":"SearchAction","target":{"@type":"EntryPoint","urlTemplate":"https:\/\/antonspaargaren.com\/fr\/?s={search_term_string}"},"query-input":{"@type":"PropertyValueSpecification","valueRequired":true,"valueName":"search_term_string"}}],"inLanguage":"fr-FR"},{"@type":"Organization","@id":"https:\/\/antonspaargaren.com\/fr\/#organization","name":"Anton Spaargaren BV","url":"https:\/\/antonspaargaren.com\/fr\/","logo":{"@type":"ImageObject","inLanguage":"fr-FR","@id":"https:\/\/antonspaargaren.com\/fr\/#\/schema\/logo\/image\/","url":"https:\/\/antonspaargaren.com\/wp-content\/uploads\/2021\/06\/AntonSpaargaren-logo-dark.svg","contentUrl":"https:\/\/antonspaargaren.com\/wp-content\/uploads\/2021\/06\/AntonSpaargaren-logo-dark.svg","width":169,"height":50,"caption":"Anton Spaargaren BV"},"image":{"@id":"https:\/\/antonspaargaren.com\/fr\/#\/schema\/logo\/image\/"}}]}},"_links":{"self":[{"href":"https:\/\/antonspaargaren.com\/fr\/wp-json\/wp\/v2\/pages\/1439","targetHints":{"allow":["GET"]}}],"collection":[{"href":"https:\/\/antonspaargaren.com\/fr\/wp-json\/wp\/v2\/pages"}],"about":[{"href":"https:\/\/antonspaargaren.com\/fr\/wp-json\/wp\/v2\/types\/page"}],"author":[{"embeddable":true,"href":"https:\/\/antonspaargaren.com\/fr\/wp-json\/wp\/v2\/users\/1"}],"replies":[{"embeddable":true,"href":"https:\/\/antonspaargaren.com\/fr\/wp-json\/wp\/v2\/comments?post=1439"}],"version-history":[{"count":5,"href":"https:\/\/antonspaargaren.com\/fr\/wp-json\/wp\/v2\/pages\/1439\/revisions"}],"predecessor-version":[{"id":1506,"href":"https:\/\/antonspaargaren.com\/fr\/wp-json\/wp\/v2\/pages\/1439\/revisions\/1506"}],"wp:attachment":[{"href":"https:\/\/antonspaargaren.com\/fr\/wp-json\/wp\/v2\/media?parent=1439"}],"curies":[{"name":"wp","href":"https:\/\/api.w.org\/{rel}","templated":true}]}}